{"id":327,"date":"2018-03-19T10:54:13","date_gmt":"2018-03-19T10:54:13","guid":{"rendered":"http:\/\/www.iaeste.tn\/tunisia\/?page_id=327"},"modified":"2018-04-15T16:49:12","modified_gmt":"2018-04-15T16:49:12","slug":"contact-us","status":"publish","type":"page","link":"https:\/\/www.iaeste.tn\/tunisia\/contact-us\/","title":{"rendered":"CONTACT US"},"content":{"rendered":"<div id=\"pl-327\"  class=\"panel-layout\" ><div id=\"pg-327-0\"  class=\"panel-grid panel-has-style\" ><div class=\"siteorigin-panels-stretch panel-row-style panel-row-style-for-327-0\" style=\"padding: 5% 0; \" data-stretch-type=\"full\" data-overlay-color=\"#000000\" ><div id=\"pgc-327-0-0\"  class=\"panel-grid-cell\" ><div id=\"panel-327-0-0-0\" class=\"so-panel widget widget_sow-headline panel-first-child panel-last-child\" data-index=\"0\" ><div style=\"text-align: left;\" data-title-color=\"#443f3f\" data-headings-color=\"#443f3f\" class=\"panel-widget-style panel-widget-style-for-327-0-0-0\" ><div\n\t\t\t\n\t\t\tclass=\"so-widget-sow-headline so-widget-sow-headline-default-0775cf11ddd9-327\"\n\t\t\t\n\t\t><div class=\"sow-headline-container \">\n\t<h1 class='sow-headline'>IAESTE TUNISIA DOES ITS BEST TO BE ALWAYS THERE FOR YOU !<\/h1>\t\t\t\t\t<div class=\"decoration\">\n\t\t\t\t\t\t<div class=\"decoration-inside\"><\/div>\n\t\t\t\t\t<\/div>\n\t\t\t\t\t<h3 class='sow-sub-headline'>JOIN US ON OUR SOCIAL NETWORK OR PAY US A VISIT !<\/h3><\/div>\n<\/div><\/div><\/div><\/div><\/div><\/div><div id=\"pg-327-1\"  class=\"panel-grid panel-has-style\" ><div class=\"siteorigin-panels-stretch panel-row-style panel-row-style-for-327-1\" style=\"padding: 5% 0; \" data-stretch-type=\"full\" data-overlay=\"true\" data-overlay-color=\"#192b35\" ><div id=\"pgc-327-1-0\"  class=\"panel-grid-cell\" ><div id=\"panel-327-1-0-0\" class=\"so-panel widget widget_sow-headline panel-first-child\" data-index=\"1\" ><div\n\t\t\t\n\t\t\tclass=\"so-widget-sow-headline so-widget-sow-headline-default-fc698c693597-327\"\n\t\t\t\n\t\t><div class=\"sow-headline-container \">\n\t<h2 class='sow-headline'>SEND US A MESSAGE<\/h2><\/div>\n<\/div><\/div><div id=\"panel-327-1-0-1\" class=\"so-panel widget widget_sow-contact-form panel-last-child\" data-index=\"2\" ><div style=\"text-align: left;\" data-title-color=\"#192b35\" data-headings-color=\"#192b35\" class=\"panel-widget-style panel-widget-style-for-327-1-0-1\" ><div\n\t\t\t\n\t\t\tclass=\"so-widget-sow-contact-form so-widget-sow-contact-form-default-e36afdc54099-327\"\n\t\t\t\n\t\t>\t<form\n\t\taction=\"\/tunisia\/wp-json\/wp\/v2\/pages\/327\"\n\t\tmethod=\"POST\"\n\t\tclass=\"sow-contact-form\"\n\t\tid=\"contact-form-d8c2\"\n\t>\n\n\t\t\n\t\t            <div class=\"sow-form-field sow-form-field-name\">\n            \t<label class=\"sow-form-field-label-above\" for=\"sow-contact-form-field-your-name-562e5fae0271d\">\n\t\t\t\t<strong>\n\t\t\t\t\tYour Name\t\t\t\t\t\t\t\t\t<\/strong>\n\t\t\t<\/label>\n\t\t\t\t\t\t\t<span class=\"sow-field-container\">\n\t\t\t\t\t\t\t<input\n\t\t\ttype=\"text\"\n\t\t\tname=\"your-name-562e5fae0271d\"\n\t\t\tid=\"sow-contact-form-field-your-name-562e5fae0271d\"\n\t\t\tvalue=\"\"\n\t\t\tclass=\"sow-text-field\"\n\t\t\t\t\t\/>\n\t\t\t\t\t\t<\/span>\n\t\t\t\t\t\t\t<\/div>\n\t\t\t            <div class=\"sow-form-field sow-form-field-email\">\n            \t<label class=\"sow-form-field-label-above\" for=\"sow-contact-form-field-your-email-562e5fae0271d\">\n\t\t\t\t<strong>\n\t\t\t\t\tYour Email\t\t\t\t\t\t\t\t\t<\/strong>\n\t\t\t<\/label>\n\t\t\t\t\t\t\t<span class=\"sow-field-container\">\n\t\t\t\t\t\t\t<input\n\t\t\ttype=\"email\"\n\t\t\tname=\"your-email-562e5fae0271d\"\n\t\t\tid=\"sow-contact-form-field-your-email-562e5fae0271d\"\n\t\t\tvalue=\"\"\n\t\t\tclass=\"sow-text-field\"\t\t\t\t\t\/>\n\t\t\t\t\t\t<\/span>\n\t\t\t\t\t\t\t<\/div>\n\t\t\t            <div class=\"sow-form-field sow-form-field-checkboxes\">\n            \t<label class=\"sow-form-field-label-above\" for=\"sow-contact-form-field-profession-562e5fae0271d\">\n\t\t\t\t<strong>\n\t\t\t\t\tProfession\t\t\t\t\t\t\t\t\t<\/strong>\n\t\t\t<\/label>\n\t\t\t\t\t\t\t<span class=\"sow-field-container\">\n\t\t\t\t\t\t\t\t<ul>\n\t\t\t\t\t\t\t\t\t\t\t\t\t\t<li>\n\t\t\t\t\t\t<input\n\t\t\t\t\t\t\ttype=\"checkbox\"\n\t\t\t\t\t\t\tvalue=\"Tunisian student or studying in Tunisia\"\n\t\t\t\t\t\t\tname=\"profession-562e5fae0271d[]\"\n\t\t\t\t\t\t\tid=\"sow-contact-form-field-profession-562e5fae0271d-0\"\n\t\t\t\t\t\t\t\t\t\t\t\t\t\t\t\t\t\t\t\t\/>\n\t\t\t\t\t\t<label for=\"sow-contact-form-field-profession-562e5fae0271d-0\">\n\t\t\t\t\t\t\tTunisian student or studying in Tunisia\t\t\t\t\t\t<\/label>\n\t\t\t\t\t<\/li>\n\t\t\t\t\t\t\t\t\t\t\t\t\t\t<li>\n\t\t\t\t\t\t<input\n\t\t\t\t\t\t\ttype=\"checkbox\"\n\t\t\t\t\t\t\tvalue=\"Foreign Student\"\n\t\t\t\t\t\t\tname=\"profession-562e5fae0271d[]\"\n\t\t\t\t\t\t\tid=\"sow-contact-form-field-profession-562e5fae0271d-1\"\n\t\t\t\t\t\t\t\t\t\t\t\t\t\t\t\t\t\t\t\t\/>\n\t\t\t\t\t\t<label for=\"sow-contact-form-field-profession-562e5fae0271d-1\">\n\t\t\t\t\t\t\tForeign Student\t\t\t\t\t\t<\/label>\n\t\t\t\t\t<\/li>\n\t\t\t\t\t\t\t\t\t\t\t\t\t\t<li>\n\t\t\t\t\t\t<input\n\t\t\t\t\t\t\ttype=\"checkbox\"\n\t\t\t\t\t\t\tvalue=\"Employer or Company\"\n\t\t\t\t\t\t\tname=\"profession-562e5fae0271d[]\"\n\t\t\t\t\t\t\tid=\"sow-contact-form-field-profession-562e5fae0271d-2\"\n\t\t\t\t\t\t\t\t\t\t\t\t\t\t\t\t\t\t\t\t\/>\n\t\t\t\t\t\t<label for=\"sow-contact-form-field-profession-562e5fae0271d-2\">\n\t\t\t\t\t\t\tEmployer or Company\t\t\t\t\t\t<\/label>\n\t\t\t\t\t<\/li>\n\t\t\t\t\t\t\t\t\t\t\t\t\t\t<li>\n\t\t\t\t\t\t<input\n\t\t\t\t\t\t\ttype=\"checkbox\"\n\t\t\t\t\t\t\tvalue=\"Other\"\n\t\t\t\t\t\t\tname=\"profession-562e5fae0271d[]\"\n\t\t\t\t\t\t\tid=\"sow-contact-form-field-profession-562e5fae0271d-3\"\n\t\t\t\t\t\t\t\t\t\t\t\t\t\t\t\t\t\t\t\t\/>\n\t\t\t\t\t\t<label for=\"sow-contact-form-field-profession-562e5fae0271d-3\">\n\t\t\t\t\t\t\tOther\t\t\t\t\t\t<\/label>\n\t\t\t\t\t<\/li>\n\t\t\t\t\t\t\t<\/ul>\n\t\t\t\t\t\t<\/span>\n\t\t\t\t\t\t\t<\/div>\n\t\t\t            <div class=\"sow-form-field sow-form-field-textarea\">\n            \t<label class=\"sow-form-field-label-above\" for=\"sow-contact-form-field-message-562e5fae0271d\">\n\t\t\t\t<strong>\n\t\t\t\t\tMessage\t\t\t\t\t\t\t\t\t<\/strong>\n\t\t\t<\/label>\n\t\t\t\t\t\t\t<span class=\"sow-field-container\">\n\t\t\t\t\t\t\t<textarea\n\t\t\tname=\"message-562e5fae0271d\"\n\t\t\tid=\"sow-contact-form-field-message-562e5fae0271d\"\n\t\t\trows=\"10\"\n\t\t\t\t\t\t\t\t><\/textarea>\n\t\t\t\t\t\t<\/span>\n\t\t\t\t\t\t\t<\/div>\n\t\t\t\t\t\n\t\t\n\t\t\n\t\t<input type=\"hidden\" name=\"instance_hash\" value=\"d8c2220284035a1eee0212df910c4f9e\" \/>\n\t\t<input type=\"hidden\" id=\"_wpnonce\" name=\"_wpnonce\" value=\"0243d46fd9\" \/><input type=\"hidden\" name=\"_wp_http_referer\" value=\"\/tunisia\/wp-json\/wp\/v2\/pages\/327\" \/>\t\t<div class=\"sow-submit-wrapper sow-submit-styled\">\n\n\t\t<button class=\"sow-submit\"\n\t\t\t\t\t\t\t\t>\n\t\t\tContact Us\t\t<\/button>\n\n\t\t<\/div>\n\t<\/form>\n\t<\/div><\/div><\/div><\/div><div id=\"pgc-327-1-1\"  class=\"panel-grid-cell\" ><div id=\"panel-327-1-1-0\" class=\"so-panel widget widget_sow-headline panel-first-child\" data-index=\"3\" ><div\n\t\t\t\n\t\t\tclass=\"so-widget-sow-headline so-widget-sow-headline-default-fc698c693597-327\"\n\t\t\t\n\t\t><div class=\"sow-headline-container \">\n\t<h2 class='sow-headline'>CONTACT INFORMATION<\/h2><\/div>\n<\/div><\/div><div id=\"panel-327-1-1-1\" class=\"so-panel widget widget_sow-editor\" data-index=\"4\" ><div style=\"text-align: left;\" data-title-color=\"#443f3f\" data-headings-color=\"#443f3f\" class=\"panel-widget-style panel-widget-style-for-327-1-1-1\" ><div\n\t\t\t\n\t\t\tclass=\"so-widget-sow-editor so-widget-sow-editor-base\"\n\t\t\t\n\t\t>\n<div class=\"siteorigin-widget-tinymce textwidget\">\n\t<p>&nbsp;<\/p>\n<p style=\"padding-left: 30px;\"><strong>The International Association for the Exchange of Students for Technical Experience - Tunisia\u00a0National Committee<\/strong><\/p>\n<p style=\"padding-left: 30px;\"><strong>Address<\/strong> : Ecole Nationale d\u2019Ing\u00e9nieurs de Tunis, BP 37 Le Belv\u00e9d\u00e8re Tunis 1002 Tunisia<\/p>\n<div class=\"textwidget\" style=\"padding-left: 30px;\">\n<p><strong>E-mail<\/strong> : contact@iaeste.tn<\/p>\n<p><strong>Phone<\/strong> : (+216) 70 01 44 30<\/p>\n<\/div>\n<\/div>\n<\/div><\/div><\/div><div id=\"panel-327-1-1-2\" class=\"so-panel widget widget_fp_social panel-last-child\" data-index=\"5\" ><div style=\"text-align: left;\" data-title-color=\"#ffffff\" data-headings-color=\"#ffffff\" class=\"panel-widget-style panel-widget-style-for-327-1-1-2\" >\t\t<h3 class=\"widget-title\"><span class=\"wow bounce\">JOIN US<\/span><\/h3>\t\t\t\t<div class=\"menu-social-network-container\"><ul id=\"menu-social-network\" class=\"menu social-menu-widget clearfix\"><li id=\"menu-item-919\" class=\"menu-item menu-item-type-custom menu-item-object-custom menu-item-919\"><a href=\"https:\/\/www.facebook.com\/iaeste.tunisia\/\"><span class=\"screen-reader-text\">Facebook<\/span><\/a><\/li>\n<li id=\"menu-item-920\" class=\"menu-item menu-item-type-custom menu-item-object-custom menu-item-920\"><a href=\"https:\/\/www.instagram.com\/iaeste_tunisia\/\"><span class=\"screen-reader-text\">Instagram<\/span><\/a><\/li>\n<li id=\"menu-item-921\" class=\"menu-item menu-item-type-custom menu-item-object-custom menu-item-921\"><a href=\"https:\/\/www.youtube.com\/channel\/UCguNfngm85Yakw3zQ4VuR4Q\"><span class=\"screen-reader-text\">Youtube<\/span><\/a><\/li>\n<\/ul><\/div>\t\r\n\t\t<\/div><\/div><\/div><\/div><\/div><\/div>","protected":false},"excerpt":{"rendered":"<p>&nbsp; The International Association for the Exchange of Students for Technical Experience &#8211; Tunisia\u00a0National Committee Address : Ecole Nationale d\u2019Ing\u00e9nieurs de Tunis, [&hellip;]<\/p>\n","protected":false},"author":1,"featured_media":0,"parent":0,"menu_order":0,"comment_status":"closed","ping_status":"closed","template":"page-templates\/page_fullwidth.php","meta":{"footnotes":""},"class_list":["post-327","page","type-page","status-publish","hentry"],"yoast_head":"<!-- This site is optimized with the Yoast SEO plugin v20.7 - https:\/\/yoast.com\/wordpress\/plugins\/seo\/ -->\n<title>CONTACT US | IAESTE Tunisia<\/title>\n<meta name=\"robots\" content=\"index, follow, max-snippet:-1, max-image-preview:large, max-video-preview:-1\" \/>\n<link rel=\"canonical\" href=\"https:\/\/www.iaeste.tn\/tunisia\/contact-us\/\" \/>\n<meta property=\"og:locale\" content=\"en_US\" \/>\n<meta property=\"og:type\" content=\"article\" \/>\n<meta property=\"og:title\" content=\"CONTACT US | IAESTE Tunisia\" \/>\n<meta property=\"og:description\" content=\"&nbsp; The International Association for the Exchange of Students for Technical Experience - Tunisia\u00a0National Committee Address : Ecole Nationale d\u2019Ing\u00e9nieurs de Tunis, [&hellip;]\" \/>\n<meta property=\"og:url\" content=\"https:\/\/www.iaeste.tn\/tunisia\/contact-us\/\" \/>\n<meta property=\"og:site_name\" content=\"IAESTE Tunisia\" \/>\n<meta property=\"article:publisher\" content=\"https:\/\/www.facebook.com\/iaeste.tunisia\/\" \/>\n<meta property=\"article:modified_time\" content=\"2018-04-15T16:49:12+00:00\" \/>\n<meta name=\"twitter:card\" content=\"summary_large_image\" \/>\n<meta name=\"twitter:label1\" content=\"Est. reading time\" \/>\n\t<meta name=\"twitter:data1\" content=\"1 minute\" \/>\n<script type=\"application\/ld+json\" class=\"yoast-schema-graph\">{\"@context\":\"https:\/\/schema.org\",\"@graph\":[{\"@type\":\"WebPage\",\"@id\":\"https:\/\/www.iaeste.tn\/tunisia\/contact-us\/\",\"url\":\"https:\/\/www.iaeste.tn\/tunisia\/contact-us\/\",\"name\":\"CONTACT US | IAESTE Tunisia\",\"isPartOf\":{\"@id\":\"https:\/\/www.iaeste.tn\/tunisia\/#website\"},\"datePublished\":\"2018-03-19T10:54:13+00:00\",\"dateModified\":\"2018-04-15T16:49:12+00:00\",\"breadcrumb\":{\"@id\":\"https:\/\/www.iaeste.tn\/tunisia\/contact-us\/#breadcrumb\"},\"inLanguage\":\"en-US\",\"potentialAction\":[{\"@type\":\"ReadAction\",\"target\":[\"https:\/\/www.iaeste.tn\/tunisia\/contact-us\/\"]}]},{\"@type\":\"BreadcrumbList\",\"@id\":\"https:\/\/www.iaeste.tn\/tunisia\/contact-us\/#breadcrumb\",\"itemListElement\":[{\"@type\":\"ListItem\",\"position\":1,\"name\":\"Home\",\"item\":\"https:\/\/www.iaeste.tn\/tunisia\/\"},{\"@type\":\"ListItem\",\"position\":2,\"name\":\"CONTACT US\"}]},{\"@type\":\"WebSite\",\"@id\":\"https:\/\/www.iaeste.tn\/tunisia\/#website\",\"url\":\"https:\/\/www.iaeste.tn\/tunisia\/\",\"name\":\"IAESTE Tunisia\",\"description\":\"Welcome to IAESTE Tunisia\",\"publisher\":{\"@id\":\"https:\/\/www.iaeste.tn\/tunisia\/#organization\"},\"potentialAction\":[{\"@type\":\"SearchAction\",\"target\":{\"@type\":\"EntryPoint\",\"urlTemplate\":\"https:\/\/www.iaeste.tn\/tunisia\/?s={search_term_string}\"},\"query-input\":\"required name=search_term_string\"}],\"inLanguage\":\"en-US\"},{\"@type\":\"Organization\",\"@id\":\"https:\/\/www.iaeste.tn\/tunisia\/#organization\",\"name\":\"IAESTE Tunisia\",\"url\":\"https:\/\/www.iaeste.tn\/tunisia\/\",\"logo\":{\"@type\":\"ImageObject\",\"inLanguage\":\"en-US\",\"@id\":\"https:\/\/www.iaeste.tn\/tunisia\/#\/schema\/logo\/image\/\",\"url\":\"http:\/\/www.iaeste.tn\/tunisia\/wp-content\/uploads\/2018\/03\/cropped-IAESTE-Tunisia-Vertical-01.png\",\"contentUrl\":\"http:\/\/www.iaeste.tn\/tunisia\/wp-content\/uploads\/2018\/03\/cropped-IAESTE-Tunisia-Vertical-01.png\",\"width\":512,\"height\":512,\"caption\":\"IAESTE Tunisia\"},\"image\":{\"@id\":\"https:\/\/www.iaeste.tn\/tunisia\/#\/schema\/logo\/image\/\"},\"sameAs\":[\"https:\/\/www.facebook.com\/iaeste.tunisia\/\",\"https:\/\/www.instagram.com\/iaeste_tunisia\/\",\"https:\/\/www.youtube.com\/channel\/UCguNfngm85Yakw3zQ4VuR4Q\"]}]}<\/script>\n<!-- \/ Yoast SEO plugin. -->","yoast_head_json":{"title":"CONTACT US | IAESTE Tunisia","robots":{"index":"index","follow":"follow","max-snippet":"max-snippet:-1","max-image-preview":"max-image-preview:large","max-video-preview":"max-video-preview:-1"},"canonical":"https:\/\/www.iaeste.tn\/tunisia\/contact-us\/","og_locale":"en_US","og_type":"article","og_title":"CONTACT US | IAESTE Tunisia","og_description":"&nbsp; The International Association for the Exchange of Students for Technical Experience - Tunisia\u00a0National Committee Address : Ecole Nationale d\u2019Ing\u00e9nieurs de Tunis, [&hellip;]","og_url":"https:\/\/www.iaeste.tn\/tunisia\/contact-us\/","og_site_name":"IAESTE Tunisia","article_publisher":"https:\/\/www.facebook.com\/iaeste.tunisia\/","article_modified_time":"2018-04-15T16:49:12+00:00","twitter_card":"summary_large_image","twitter_misc":{"Est. reading time":"1 minute"},"schema":{"@context":"https:\/\/schema.org","@graph":[{"@type":"WebPage","@id":"https:\/\/www.iaeste.tn\/tunisia\/contact-us\/","url":"https:\/\/www.iaeste.tn\/tunisia\/contact-us\/","name":"CONTACT US | IAESTE Tunisia","isPartOf":{"@id":"https:\/\/www.iaeste.tn\/tunisia\/#website"},"datePublished":"2018-03-19T10:54:13+00:00","dateModified":"2018-04-15T16:49:12+00:00","breadcrumb":{"@id":"https:\/\/www.iaeste.tn\/tunisia\/contact-us\/#breadcrumb"},"inLanguage":"en-US","potentialAction":[{"@type":"ReadAction","target":["https:\/\/www.iaeste.tn\/tunisia\/contact-us\/"]}]},{"@type":"BreadcrumbList","@id":"https:\/\/www.iaeste.tn\/tunisia\/contact-us\/#breadcrumb","itemListElement":[{"@type":"ListItem","position":1,"name":"Home","item":"https:\/\/www.iaeste.tn\/tunisia\/"},{"@type":"ListItem","position":2,"name":"CONTACT US"}]},{"@type":"WebSite","@id":"https:\/\/www.iaeste.tn\/tunisia\/#website","url":"https:\/\/www.iaeste.tn\/tunisia\/","name":"IAESTE Tunisia","description":"Welcome to IAESTE Tunisia","publisher":{"@id":"https:\/\/www.iaeste.tn\/tunisia\/#organization"},"potentialAction":[{"@type":"SearchAction","target":{"@type":"EntryPoint","urlTemplate":"https:\/\/www.iaeste.tn\/tunisia\/?s={search_term_string}"},"query-input":"required name=search_term_string"}],"inLanguage":"en-US"},{"@type":"Organization","@id":"https:\/\/www.iaeste.tn\/tunisia\/#organization","name":"IAESTE Tunisia","url":"https:\/\/www.iaeste.tn\/tunisia\/","logo":{"@type":"ImageObject","inLanguage":"en-US","@id":"https:\/\/www.iaeste.tn\/tunisia\/#\/schema\/logo\/image\/","url":"http:\/\/www.iaeste.tn\/tunisia\/wp-content\/uploads\/2018\/03\/cropped-IAESTE-Tunisia-Vertical-01.png","contentUrl":"http:\/\/www.iaeste.tn\/tunisia\/wp-content\/uploads\/2018\/03\/cropped-IAESTE-Tunisia-Vertical-01.png","width":512,"height":512,"caption":"IAESTE Tunisia"},"image":{"@id":"https:\/\/www.iaeste.tn\/tunisia\/#\/schema\/logo\/image\/"},"sameAs":["https:\/\/www.facebook.com\/iaeste.tunisia\/","https:\/\/www.instagram.com\/iaeste_tunisia\/","https:\/\/www.youtube.com\/channel\/UCguNfngm85Yakw3zQ4VuR4Q"]}]}},"_links":{"self":[{"href":"https:\/\/www.iaeste.tn\/tunisia\/wp-json\/wp\/v2\/pages\/327","targetHints":{"allow":["GET"]}}],"collection":[{"href":"https:\/\/www.iaeste.tn\/tunisia\/wp-json\/wp\/v2\/pages"}],"about":[{"href":"https:\/\/www.iaeste.tn\/tunisia\/wp-json\/wp\/v2\/types\/page"}],"author":[{"embeddable":true,"href":"https:\/\/www.iaeste.tn\/tunisia\/wp-json\/wp\/v2\/users\/1"}],"replies":[{"embeddable":true,"href":"https:\/\/www.iaeste.tn\/tunisia\/wp-json\/wp\/v2\/comments?post=327"}],"version-history":[{"count":22,"href":"https:\/\/www.iaeste.tn\/tunisia\/wp-json\/wp\/v2\/pages\/327\/revisions"}],"predecessor-version":[{"id":1034,"href":"https:\/\/www.iaeste.tn\/tunisia\/wp-json\/wp\/v2\/pages\/327\/revisions\/1034"}],"wp:attachment":[{"href":"https:\/\/www.iaeste.tn\/tunisia\/wp-json\/wp\/v2\/media?parent=327"}],"curies":[{"name":"wp","href":"https:\/\/api.w.org\/{rel}","templated":true}]}}